{"id":4172,"date":"2024-11-02T21:58:15","date_gmt":"2024-11-02T20:58:15","guid":{"rendered":"https:\/\/spzpolymer.cz\/nase-novinky\/"},"modified":"2025-05-19T21:46:57","modified_gmt":"2025-05-19T19:46:57","slug":"our-news","status":"publish","type":"page","link":"https:\/\/spzpolymer.cz\/en\/our-news\/","title":{"rendered":"Our News"},"content":{"rendered":"\t\t<div data-elementor-type=\"wp-page\" data-elementor-id=\"4172\" class=\"elementor elementor-4172 elementor-4145\" data-elementor-post-type=\"page\">\n\t\t\t\t<div class=\"has_eae_slider elementor-element elementor-element-bd2c326 e-flex e-con-boxed e-con e-parent\" data-eae-slider=\"19533\" data-id=\"bd2c326\" data-element_type=\"container\" data-e-type=\"container\" data-settings=\"{&quot;jet_parallax_layout_list&quot;:[]}\">\n\t\t\t\t\t<div class=\"e-con-inner\">\n\t\t\t\t<div class=\"elementor-element elementor-element-addecf9 elementor-widget elementor-widget-heading\" data-id=\"addecf9\" data-element_type=\"widget\" data-e-type=\"widget\" data-settings=\"{&quot;ekit_we_effect_on&quot;:&quot;none&quot;}\" data-widget_type=\"heading.default\">\n\t\t\t\t<div class=\"elementor-widget-container\">\n\t\t\t\t\t<h2 class=\"elementor-heading-title elementor-size-default\">Our News<\/h2>\t\t\t\t<\/div>\n\t\t\t\t<\/div>\n\t\t\t\t<div class=\"elementor-element elementor-element-8f465eb elementor-widget elementor-widget-elementskit-blog-posts\" data-id=\"8f465eb\" data-element_type=\"widget\" data-e-type=\"widget\" data-settings=\"{&quot;ekit_we_effect_on&quot;:&quot;none&quot;}\" data-widget_type=\"elementskit-blog-posts.default\">\n\t\t\t\t<div class=\"elementor-widget-container\">\n\t\t\t\t\t<div class=\"ekit-wid-con\" >\n        <div id=\"post-items--8f465eb\" class=\"row post-items ekit-blog-posts-content wihout-masonry \" data-enable=\"no\">\n\n\t\t\t<!-- Blog Carousel markup render -->\n\t\t\t\n\n            <div class=\"col-lg-4 col-md-6\">\n\n                                    <div class=\"elementskit-post-image-card\">\n                        <div class=\"elementskit-entry-header\">\n                                                            <a href=\"https:\/\/spzpolymer.cz\/en\/2025\/05\/19\/current-offer-ramclean-cleaning-granules\/\" class=\"elementskit-entry-thumb\">\n                                    <img decoding=\"async\" src=\"https:\/\/spzpolymer.cz\/wp-content\/uploads\/2025\/05\/20052025-1024x683.png\" alt=\"Current Offer! Ramclean\u00ae cleaning granules.\">\n                                <\/a><!-- .elementskit-entry-thumb END -->\n                                                            \n                            \n                                                    <\/div><!-- .elementskit-entry-header END -->\n\n                        <div class=\"elementskit-post-body \">\n                            \n                                                                                                                <div class=\"post-meta-list\">\n                                                                                                <span class=\"meta-date\">\n\n                                <i aria-hidden=\"true\" class=\"icon icon-calendar3\"><\/i>\n                                <span class=\"meta-date-text\">\n                                    May 19, 2025                                <\/span>\n                            <\/span>\n                                                                                                            <\/div>\n                                                                        \n                                        \n                                        \t\t\t\t\t\t\t\t\t\t                <h2 class=\"entry-title\">\n                    <a href=\"https:\/\/spzpolymer.cz\/en\/2025\/05\/19\/current-offer-ramclean-cleaning-granules\/\">\n                            Current Offer! Ramclean\u00ae cleaning granules.                    <\/a>\n                <\/h2>\n                                                                                                                                                                                                            <div class=\"btn-wraper\">\n                                    \n                                                                            <a href=\"https:\/\/spzpolymer.cz\/en\/2025\/05\/19\/current-offer-ramclean-cleaning-granules\/\" class=\"elementskit-btn  whitespace--normal\" >\n                                                                                    Learn more                                        <\/a>\n                                                                    <\/div>\n                                                    <\/div><!-- .elementskit-post-body END -->\n                    <\/div>\n                \n            <\/div>\t\t\t\t\n\n            <div class=\"col-lg-4 col-md-6\">\n\n                                    <div class=\"elementskit-post-image-card\">\n                        <div class=\"elementskit-entry-header\">\n                                                            <a href=\"https:\/\/spzpolymer.cz\/en\/2024\/11\/02\/our-activities-for-reducing-environmental-footprint\/\" class=\"elementskit-entry-thumb\">\n                                    <img decoding=\"async\" src=\"https:\/\/spzpolymer.cz\/wp-content\/uploads\/2024\/11\/selective-focus-plastic-bottle-for-recycle-waste-2023-11-27-04-50-26-utc-1024x683.jpg\" alt=\"Our activities for reducing environmental footprint\">\n                                <\/a><!-- .elementskit-entry-thumb END -->\n                                                            \n                            \n                                                    <\/div><!-- .elementskit-entry-header END -->\n\n                        <div class=\"elementskit-post-body \">\n                            \n                                                                                                                <div class=\"post-meta-list\">\n                                                                                                <span class=\"meta-date\">\n\n                                <i aria-hidden=\"true\" class=\"icon icon-calendar3\"><\/i>\n                                <span class=\"meta-date-text\">\n                                    November 2, 2024                                <\/span>\n                            <\/span>\n                                                                                                            <\/div>\n                                                                        \n                                        \n                                        \t\t\t\t\t\t\t\t\t\t                <h2 class=\"entry-title\">\n                    <a href=\"https:\/\/spzpolymer.cz\/en\/2024\/11\/02\/our-activities-for-reducing-environmental-footprint\/\">\n                            Our activities for reducing environmental footprint                    <\/a>\n                <\/h2>\n                                                                                                                                                                                                            <div class=\"btn-wraper\">\n                                    \n                                                                            <a href=\"https:\/\/spzpolymer.cz\/en\/2024\/11\/02\/our-activities-for-reducing-environmental-footprint\/\" class=\"elementskit-btn  whitespace--normal\" >\n                                                                                    Learn more                                        <\/a>\n                                                                    <\/div>\n                                                    <\/div><!-- .elementskit-post-body END -->\n                    <\/div>\n                \n            <\/div>\t\t\t\t        <\/div>\n\n\n                    <div\n            data-ekit-blog-post-style=\"simple\"\n            class=\"ekit-blog-post-pagination-container ekit-blog-post-pagination-style-simple\"\n            id=\"post-nagivation--8f465eb\">\n                            <\/div>\n\n            <\/div>\t\t\t\t<\/div>\n\t\t\t\t<\/div>\n\t\t\t\t\t<\/div>\n\t\t\t\t<\/div>\n\t\t\t\t<\/div>\n\t\t","protected":false},"excerpt":{"rendered":"<p>Our News 19 kv\u011btna, 2025 Aktu\u00e1ln\u00ed nab\u00eddka! Learn more 2 listopadu, 2024 Na\u0161e aktivity pro sn\u00ed\u017een\u00ed environment\u00e1ln\u00ed stopy Learn more<\/p>\n","protected":false},"author":1,"featured_media":0,"parent":0,"menu_order":0,"comment_status":"closed","ping_status":"closed","template":"","meta":{"_acf_changed":false,"footnotes":""},"class_list":["post-4172","page","type-page","status-publish","hentry"],"acf":[],"_links":{"self":[{"href":"https:\/\/spzpolymer.cz\/en\/wp-json\/wp\/v2\/pages\/4172","targetHints":{"allow":["GET"]}}],"collection":[{"href":"https:\/\/spzpolymer.cz\/en\/wp-json\/wp\/v2\/pages"}],"about":[{"href":"https:\/\/spzpolymer.cz\/en\/wp-json\/wp\/v2\/types\/page"}],"author":[{"embeddable":true,"href":"https:\/\/spzpolymer.cz\/en\/wp-json\/wp\/v2\/users\/1"}],"replies":[{"embeddable":true,"href":"https:\/\/spzpolymer.cz\/en\/wp-json\/wp\/v2\/comments?post=4172"}],"version-history":[{"count":3,"href":"https:\/\/spzpolymer.cz\/en\/wp-json\/wp\/v2\/pages\/4172\/revisions"}],"predecessor-version":[{"id":6127,"href":"https:\/\/spzpolymer.cz\/en\/wp-json\/wp\/v2\/pages\/4172\/revisions\/6127"}],"wp:attachment":[{"href":"https:\/\/spzpolymer.cz\/en\/wp-json\/wp\/v2\/media?parent=4172"}],"curies":[{"name":"wp","href":"https:\/\/api.w.org\/{rel}","templated":true}]}}